{"id":2,"date":"2025-01-13T13:17:01","date_gmt":"2025-01-13T13:17:01","guid":{"rendered":"https:\/\/virtualtours.com.br\/?page_id=2"},"modified":"2025-09-20T16:03:43","modified_gmt":"2025-09-20T16:03:43","slug":"sample-page","status":"publish","type":"page","link":"https:\/\/virtualtours.com.br\/","title":{"rendered":"VIRTUAL TOURS: Tour Virtual e Fotografia 360 graus"},"content":{"rendered":"\n<div class=\"wp-block-columns is-layout-flex wp-container-core-columns-is-layout-28f84493 wp-block-columns-is-layout-flex\">\n<div class=\"wp-block-column is-layout-flow wp-block-column-is-layout-flow\" style=\"flex-basis:33.33%\">\n<figure class=\"wp-block-image size-full is-resized\"><img loading=\"lazy\" decoding=\"async\" width=\"800\" height=\"800\" src=\"https:\/\/virtualtours.com.br\/wp-content\/uploads\/2025\/02\/logo-virtual-tours-800x800-1.png\" alt=\"\" class=\"wp-image-27\" style=\"width:158px;height:auto\" srcset=\"https:\/\/virtualtours.com.br\/wp-content\/uploads\/2025\/02\/logo-virtual-tours-800x800-1.png 800w, https:\/\/virtualtours.com.br\/wp-content\/uploads\/2025\/02\/logo-virtual-tours-800x800-1-300x300.png 300w, https:\/\/virtualtours.com.br\/wp-content\/uploads\/2025\/02\/logo-virtual-tours-800x800-1-150x150.png 150w, https:\/\/virtualtours.com.br\/wp-content\/uploads\/2025\/02\/logo-virtual-tours-800x800-1-768x768.png 768w\" sizes=\"auto, (max-width: 800px) 100vw, 800px\" \/><\/figure>\n<\/div>\n\n\n\n<div class=\"wp-block-column is-layout-flow wp-block-column-is-layout-flow\" style=\"flex-basis:66.66%\">\n<h2 class=\"wp-block-heading has-large-font-size\"><strong>Ofere\u00e7a uma nova perspectiva aos seus clientes com nosso tour virtual e fotografia 360 graus<\/strong><\/h2>\n<\/div>\n<\/div>\n\n\n\n<script src=\"https:\/\/static.kuula.io\/embed.js\" data-kuula=\"https:\/\/kuula.co\/share\/collection\/71qVF?logo=-1&#038;info=0&#038;fs=1&#038;vr=1&#038;zoom=1&#038;gyro=0&#038;autorotate=0.28&#038;autop=20&#038;thumbs=1&#038;margin=1&#038;alpha=0.96&#038;inst=pt\" data-width=\"100%\" data-height=\"640px\"><\/script>\n\n\n\n<p>A <strong>VIRTUAL TOURS<\/strong> \u00e9 uma empresa especializada na produ\u00e7\u00e3o de <strong>tours virtuais e fotografia 360 graus<\/strong> que faz com que seu neg\u00f3cio, espa\u00e7o ou destino seja visto de forma inovadora e envolvente. Criamos solu\u00e7\u00f5es personalizadas para valorizar sua presen\u00e7a digital e atrair mais clientes.<\/p>\n\n\n\n<h3 class=\"wp-block-heading\"><strong>Por que escolher a Virtual Tours &#8211; empresa especializada em tour virtual?<\/strong><\/h3>\n\n\n\n<p>Somos refer\u00eancia na cria\u00e7\u00e3o de <strong>experi\u00eancias imersivas<\/strong> que colocam seus clientes dentro do seu neg\u00f3cio antes mesmo de o visitarem. Utilizamos tecnologia de ponta e um olhar t\u00e9cnico e art\u00edstico para criar tours virtuais interativos e imagens em 360\u00b0 com alta qualidade, ideais para diversos segmentos, como:<\/p>\n\n\n\n<ul class=\"wp-block-list\">\n<li><strong>Imobili\u00e1rias<\/strong>: Destaque seus im\u00f3veis com visitas virtuais impressionantes.<\/li>\n\n\n\n<li><strong>Hot\u00e9is e Pousadas<\/strong>: Mostre cada detalhe de seus espa\u00e7os para conquistar h\u00f3spedes.<\/li>\n\n\n\n<li><strong>Com\u00e9rcio e Restaurantes<\/strong>: Atraia clientes ao apresentar seu ambiente de maneira inovadora.<\/li>\n\n\n\n<li><strong>Turismo e Cultura<\/strong>: D\u00ea vida a atra\u00e7\u00f5es tur\u00edsticas e eventos com um toque moderno e cativante.<\/li>\n<\/ul>\n\n\n\n<h3 class=\"wp-block-heading\"><strong>Benef\u00edcios do tour virtual e fotografia 360\u00b0<\/strong><\/h3>\n\n\n\n<ul class=\"wp-block-list\">\n<li><strong>Aumente o engajamento online<\/strong>: Seus clientes poder\u00e3o explorar e compartilhar seus ambientes de qualquer lugar, a qualquer momento.<\/li>\n\n\n\n<li><strong>Destaque-se da concorr\u00eancia<\/strong>: Utilize uma tecnologia moderna e diferenciada.<\/li>\n\n\n\n<li><strong>Conquiste mais confian\u00e7a<\/strong>: Proporcione uma experi\u00eancia real e fiel ao p\u00fablico.<\/li>\n\n\n\n<li><strong>Fortale\u00e7a suas estrat\u00e9gias de marketing digital<\/strong>: Ideal para redes sociais, sites, landing pages e muito mais.<\/li>\n<\/ul>\n\n\n\n<h3 class=\"wp-block-heading\"><strong>Atendimento especializado e personalizado em fotografia panor\u00e2mica 360 graus e tours virtuais nas cidades de Louveira, Vinhedo, Jundia\u00ed, Valinhos, Itatiba, Itupeva e regi\u00e3o<\/strong><\/h3>\n\n\n\n<p>Buscamos entender as suas necessidades e garantir um servi\u00e7o profissional acess\u00edvel e de qualidade, alinhado \u00e0s suas expectativas. Atendemos principalmente as cidades do interior de SP como Jundia\u00ed, Louveira, Vinhedo, Itatiba, Itupeva, Valinhos e Campinas, mas tamb\u00e9m podemos viajar para qualquer outra cidade do Brasil mediante consulta de disponibilidade. Por isso, seja de onde voc\u00ea estiver, envie-nos uma mensagem consultando disponibilidade.<\/p>\n\n\n\n<h3 class=\"wp-block-heading\"><strong>Transforme a forma como o mundo v\u00ea o seu neg\u00f3cio e destaque-se da concorr\u00eancia<\/strong><\/h3>\n\n\n\n<p>Convidamos voc\u00ea a explorar novas possibilidades e criar conex\u00f5es mais fortes com seu p\u00fablico por meio de nossos servi\u00e7os de tour virtual e fotografia 360\u00b0. Entre em contato conosco e descubra como podemos transformar sua presen\u00e7a online em um diferencial competitivo!<\/p>\n\n\n\n<p><strong>VIRTUAL TOURS<\/strong> \u2013 Sua parceira em inova\u00e7\u00e3o e experi\u00eancias imersivas!<\/p>\n\n\n\n<p><strong>Entre em contato pelo WhatsApp: 19 97100-4238<\/strong><\/p>\n","protected":false},"excerpt":{"rendered":"<p>Ofere\u00e7a uma nova perspectiva aos seus clientes com nosso tour virtual e fotografia 360 graus A VIRTUAL TOURS \u00e9 uma empresa especializada na produ\u00e7\u00e3o de tours virtuais e fotografia 360 graus que faz com que seu neg\u00f3cio, espa\u00e7o ou destino seja visto de forma inovadora e envolvente. Criamos solu\u00e7\u00f5es personalizadas para valorizar sua presen\u00e7a digital [&hellip;]<\/p>\n","protected":false},"author":2,"featured_media":0,"parent":0,"menu_order":0,"comment_status":"closed","ping_status":"open","template":"","meta":{"footnotes":""},"class_list":["post-2","page","type-page","status-publish","hentry"],"_links":{"self":[{"href":"https:\/\/virtualtours.com.br\/index.php?rest_route=\/wp\/v2\/pages\/2","targetHints":{"allow":["GET"]}}],"collection":[{"href":"https:\/\/virtualtours.com.br\/index.php?rest_route=\/wp\/v2\/pages"}],"about":[{"href":"https:\/\/virtualtours.com.br\/index.php?rest_route=\/wp\/v2\/types\/page"}],"author":[{"embeddable":true,"href":"https:\/\/virtualtours.com.br\/index.php?rest_route=\/wp\/v2\/users\/2"}],"replies":[{"embeddable":true,"href":"https:\/\/virtualtours.com.br\/index.php?rest_route=%2Fwp%2Fv2%2Fcomments&post=2"}],"version-history":[{"count":14,"href":"https:\/\/virtualtours.com.br\/index.php?rest_route=\/wp\/v2\/pages\/2\/revisions"}],"predecessor-version":[{"id":45,"href":"https:\/\/virtualtours.com.br\/index.php?rest_route=\/wp\/v2\/pages\/2\/revisions\/45"}],"wp:attachment":[{"href":"https:\/\/virtualtours.com.br\/index.php?rest_route=%2Fwp%2Fv2%2Fmedia&parent=2"}],"curies":[{"name":"wp","href":"https:\/\/api.w.org\/{rel}","templated":true}]}}